{"id":195,"date":"2022-05-23T21:28:03","date_gmt":"2022-05-23T19:28:03","guid":{"rendered":"https:\/\/www.flbs-luxe.com\/wp\/prod\/?page_id=195"},"modified":"2022-07-05T18:44:31","modified_gmt":"2022-07-05T16:44:31","slug":"nous-contacter","status":"publish","type":"page","link":"https:\/\/www.flbs-luxe.com\/wp\/prod\/nous-contacter\/","title":{"rendered":"Contact"},"content":{"rendered":"<div class=\"wpforms-container wpforms-container-full wpforms-block\" id=\"wpforms-94\"><form id=\"wpforms-form-94\" class=\"wpforms-validate wpforms-form wpforms-ajax-form\" data-formid=\"94\" method=\"post\" enctype=\"multipart\/form-data\" action=\"\/wp\/prod\/wp-json\/wp\/v2\/pages\/195\" data-token=\"70db7abfd17e84253cf481d67d0ab98a\" data-token-time=\"1777580277\"><noscript class=\"wpforms-error-noscript\">Veuillez activer JavaScript dans votre navigateur pour remplir ce formulaire.<\/noscript><div class=\"wpforms-field-container\"><div id=\"wpforms-94-field_5-container\" class=\"wpforms-field wpforms-field-textarea\" data-field-id=\"5\"><label class=\"wpforms-field-label\" for=\"wpforms-94-field_5\">Vous \u00eates int\u00e9ress\u00e9(e) par notre \u00e9cole ou par un programme sp\u00e9cifique. Vous souhaitez une formation sur mesure. Vous avez une r\u00e9clamation, un commentaire&#8230;N&#039;h\u00e9sitez pas \u00e0 nous poser votre question dans le cadre ci-dessous, nous y r\u00e9pondrons bien volontiers. Merci<\/label><textarea id=\"wpforms-94-field_5\" class=\"wpforms-field-medium\" name=\"wpforms[fields][5]\" ><\/textarea><\/div><div id=\"wpforms-94-field_4-container\" class=\"wpforms-field wpforms-field-select wpforms-field-select-style-classic\" data-field-id=\"4\"><label class=\"wpforms-field-label\" for=\"wpforms-94-field_4\">Th\u00e8me <span class=\"wpforms-required-label\">*<\/span><\/label><select id=\"wpforms-94-field_4\" class=\"wpforms-field-medium wpforms-field-required\" name=\"wpforms[fields][4]\" required=\"required\"><option value=\"MasterClass\"  class=\"choice-9 depth-1\"  >MasterClass<\/option><option value=\"Learning Business Trip\"  class=\"choice-11 depth-1\"  >Learning Business Trip<\/option><option value=\"Formation continue\"  class=\"choice-7 depth-1\"  >Formation continue<\/option><option value=\"Proposer une formation sp\u00e9cifique\"  class=\"choice-10 depth-1\"  >Proposer une formation sp\u00e9cifique<\/option><option value=\"R\u00e9clamation\"  class=\"choice-15 depth-1\"  >R\u00e9clamation<\/option><option value=\"Intervenants\"  class=\"choice-5 depth-1\"  >Intervenants<\/option><option value=\"L&#039;\u00e9cole\"  class=\"choice-8 depth-1\"  >L&#8217;\u00e9cole<\/option><option value=\"Partenariat\"  class=\"choice-12 depth-1\"  >Partenariat<\/option><option value=\"Adaptation de la formation au handicap\"  class=\"choice-16 depth-1\"  >Adaptation de la formation au handicap<\/option><option value=\"Autre sujet\"  class=\"choice-14 depth-1\"  >Autre sujet<\/option><\/select><\/div><div id=\"wpforms-94-field_3-container\" class=\"wpforms-field wpforms-field-name\" data-field-id=\"3\"><label class=\"wpforms-field-label\">Pr\u00e9nom\/Nom <span class=\"wpforms-required-label\">*<\/span><\/label><div class=\"wpforms-field-row wpforms-field-medium\"><div class=\"wpforms-field-row-block wpforms-first wpforms-one-half\"><input type=\"text\" id=\"wpforms-94-field_3\" class=\"wpforms-field-name-first wpforms-field-required\" name=\"wpforms[fields][3][first]\" required><label for=\"wpforms-94-field_3\" class=\"wpforms-field-sublabel after\">Pr\u00e9nom<\/label><\/div><div class=\"wpforms-field-row-block wpforms-one-half\"><input type=\"text\" id=\"wpforms-94-field_3-last\" class=\"wpforms-field-name-last wpforms-field-required\" name=\"wpforms[fields][3][last]\" required><label for=\"wpforms-94-field_3-last\" class=\"wpforms-field-sublabel after\">Nom<\/label><\/div><\/div><\/div><div id=\"wpforms-94-field_2-container\" class=\"wpforms-field wpforms-field-email\" data-field-id=\"2\"><label class=\"wpforms-field-label\">E-mail <span class=\"wpforms-required-label\">*<\/span><\/label><div class=\"wpforms-field-row wpforms-field-medium\"><div class=\"wpforms-field-row-block wpforms-one-half wpforms-first\"><input type=\"email\" id=\"wpforms-94-field_2\" class=\"wpforms-field-required wpforms-field-email-primary\" name=\"wpforms[fields][2][primary]\" spellcheck=\"false\" required><label for=\"wpforms-94-field_2\" class=\"wpforms-field-sublabel after\">E-mail<\/label><\/div><div class=\"wpforms-field-row-block wpforms-one-half\"><input type=\"email\" id=\"wpforms-94-field_2-secondary\" class=\"wpforms-field-email-secondary wpforms-field-required\" data-rule-confirm=\"#wpforms-94-field_2\" name=\"wpforms[fields][2][secondary]\" spellcheck=\"false\" required><label for=\"wpforms-94-field_2-secondary\" class=\"wpforms-field-sublabel after\">Confirmez l\u2019e-mail<\/label><\/div><\/div><\/div><div id=\"wpforms-94-field_6-container\" class=\"wpforms-field wpforms-field-gdpr-checkbox\" data-field-id=\"6\"><label class=\"wpforms-field-label\">Accord RGPD <span class=\"wpforms-required-label\">*<\/span><\/label><ul id=\"wpforms-94-field_6\" class=\"wpforms-field-required\"><li class=\"choice-1\"><input type=\"checkbox\" id=\"wpforms-94-field_6_1\" name=\"wpforms[fields][6][]\" value=\"Je consens \u00e0 ce que ce site stocke mes informations envoy\u00e9es afin qu\u2019ils puissent r\u00e9pondre \u00e0 ma requ\u00eate.\" required ><label class=\"wpforms-field-label-inline\" for=\"wpforms-94-field_6_1\">Je consens \u00e0 ce que ce site stocke mes informations envoy\u00e9es afin qu\u2019ils puissent r\u00e9pondre \u00e0 ma requ\u00eate.<\/label><\/li><\/ul><\/div><\/div><!-- .wpforms-field-container --><div class=\"wpforms-submit-container\" ><input type=\"hidden\" name=\"wpforms[id]\" value=\"94\"><input type=\"hidden\" name=\"page_title\" value=\"\"><input type=\"hidden\" name=\"page_url\" value=\"https:\/\/www.flbs-luxe.com\/wp\/prod\/wp-json\/wp\/v2\/pages\/195\"><input type=\"hidden\" name=\"url_referer\" value=\"\"><button type=\"submit\" name=\"wpforms[submit]\" id=\"wpforms-submit-94\" class=\"wpforms-submit\" data-alt-text=\"Envoi en cours...\" data-submit-text=\"Envoyer\" aria-live=\"assertive\" value=\"wpforms-submit\">Envoyer<\/button><img decoding=\"async\" src=\"https:\/\/www.flbs-luxe.com\/wp\/prod\/wp-content\/plugins\/wpforms-lite\/assets\/images\/submit-spin.svg\" class=\"wpforms-submit-spinner\" style=\"display: none;\" width=\"26\" height=\"26\" alt=\"Chargement en cours\"><\/div><\/form><\/div>  <!-- .wpforms-container -->","protected":false},"excerpt":{"rendered":"","protected":false},"author":1,"featured_media":375,"parent":0,"menu_order":0,"comment_status":"closed","ping_status":"closed","template":"","meta":{"_kadence_starter_templates_imported_post":false,"_kad_post_transparent":"","_kad_post_title":"","_kad_post_layout":"","_kad_post_sidebar_id":"","_kad_post_content_style":"","_kad_post_vertical_padding":"","_kad_post_feature":"","_kad_post_feature_position":"","_kad_post_header":false,"_kad_post_footer":false,"_kad_post_classname":"","footnotes":""},"class_list":["post-195","page","type-page","status-publish","has-post-thumbnail","hentry"],"yoast_head":"<!-- This site is optimized with the Yoast SEO plugin v27.5 - https:\/\/yoast.com\/product\/yoast-seo-wordpress\/ -->\n<title>formulaire de contact<\/title>\n<meta name=\"robots\" content=\"index, follow, max-snippet:-1, max-image-preview:large, max-video-preview:-1\" \/>\n<link rel=\"canonical\" href=\"https:\/\/www.flbs-luxe.com\/wp\/prod\/nous-contacter\/\" \/>\n<meta property=\"og:locale\" content=\"fr_FR\" \/>\n<meta property=\"og:type\" content=\"article\" \/>\n<meta property=\"og:title\" content=\"formulaire de contact\" \/>\n<meta property=\"og:url\" content=\"https:\/\/www.flbs-luxe.com\/wp\/prod\/nous-contacter\/\" \/>\n<meta property=\"og:site_name\" content=\"France Luxe Business School\" \/>\n<meta property=\"article:publisher\" content=\"https:\/\/www.facebook.com\/France-Luxe-Business-School-109982355116114\" \/>\n<meta property=\"article:modified_time\" content=\"2022-07-05T16:44:31+00:00\" \/>\n<meta property=\"og:image\" content=\"https:\/\/www.flbs-luxe.com\/wp\/prod\/wp-content\/uploads\/2022\/06\/call-centre-4246677_1920.jpg\" \/>\n\t<meta property=\"og:image:width\" content=\"1920\" \/>\n\t<meta property=\"og:image:height\" content=\"1440\" \/>\n\t<meta property=\"og:image:type\" content=\"image\/jpeg\" \/>\n<meta name=\"twitter:card\" content=\"summary_large_image\" \/>\n<meta name=\"twitter:site\" content=\"@France_Luxe_BS\" \/>\n<script type=\"application\/ld+json\" class=\"yoast-schema-graph\">{\"@context\":\"https:\\\/\\\/schema.org\",\"@graph\":[{\"@type\":\"WebPage\",\"@id\":\"https:\\\/\\\/www.flbs-luxe.com\\\/wp\\\/prod\\\/nous-contacter\\\/\",\"url\":\"https:\\\/\\\/www.flbs-luxe.com\\\/wp\\\/prod\\\/nous-contacter\\\/\",\"name\":\"formulaire de contact\",\"isPartOf\":{\"@id\":\"https:\\\/\\\/www.flbs-luxe.com\\\/wp\\\/prod\\\/#website\"},\"primaryImageOfPage\":{\"@id\":\"https:\\\/\\\/www.flbs-luxe.com\\\/wp\\\/prod\\\/nous-contacter\\\/#primaryimage\"},\"image\":{\"@id\":\"https:\\\/\\\/www.flbs-luxe.com\\\/wp\\\/prod\\\/nous-contacter\\\/#primaryimage\"},\"thumbnailUrl\":\"https:\\\/\\\/www.flbs-luxe.com\\\/wp\\\/prod\\\/wp-content\\\/uploads\\\/2022\\\/06\\\/call-centre-4246677_1920.jpg\",\"datePublished\":\"2022-05-23T19:28:03+00:00\",\"dateModified\":\"2022-07-05T16:44:31+00:00\",\"breadcrumb\":{\"@id\":\"https:\\\/\\\/www.flbs-luxe.com\\\/wp\\\/prod\\\/nous-contacter\\\/#breadcrumb\"},\"inLanguage\":\"fr-FR\",\"potentialAction\":[{\"@type\":\"ReadAction\",\"target\":[\"https:\\\/\\\/www.flbs-luxe.com\\\/wp\\\/prod\\\/nous-contacter\\\/\"]}]},{\"@type\":\"ImageObject\",\"inLanguage\":\"fr-FR\",\"@id\":\"https:\\\/\\\/www.flbs-luxe.com\\\/wp\\\/prod\\\/nous-contacter\\\/#primaryimage\",\"url\":\"https:\\\/\\\/www.flbs-luxe.com\\\/wp\\\/prod\\\/wp-content\\\/uploads\\\/2022\\\/06\\\/call-centre-4246677_1920.jpg\",\"contentUrl\":\"https:\\\/\\\/www.flbs-luxe.com\\\/wp\\\/prod\\\/wp-content\\\/uploads\\\/2022\\\/06\\\/call-centre-4246677_1920.jpg\",\"width\":1920,\"height\":1440},{\"@type\":\"BreadcrumbList\",\"@id\":\"https:\\\/\\\/www.flbs-luxe.com\\\/wp\\\/prod\\\/nous-contacter\\\/#breadcrumb\",\"itemListElement\":[{\"@type\":\"ListItem\",\"position\":1,\"name\":\"Accueil\",\"item\":\"https:\\\/\\\/www.flbs-luxe.com\\\/wp\\\/prod\\\/\"},{\"@type\":\"ListItem\",\"position\":2,\"name\":\"Contact\"}]},{\"@type\":\"WebSite\",\"@id\":\"https:\\\/\\\/www.flbs-luxe.com\\\/wp\\\/prod\\\/#website\",\"url\":\"https:\\\/\\\/www.flbs-luxe.com\\\/wp\\\/prod\\\/\",\"name\":\"France Luxe Business School\",\"description\":\"Producteur et facilitateur de connaissances  dans le domaine du luxe\",\"publisher\":{\"@id\":\"https:\\\/\\\/www.flbs-luxe.com\\\/wp\\\/prod\\\/#organization\"},\"potentialAction\":[{\"@type\":\"SearchAction\",\"target\":{\"@type\":\"EntryPoint\",\"urlTemplate\":\"https:\\\/\\\/www.flbs-luxe.com\\\/wp\\\/prod\\\/?s={search_term_string}\"},\"query-input\":{\"@type\":\"PropertyValueSpecification\",\"valueRequired\":true,\"valueName\":\"search_term_string\"}}],\"inLanguage\":\"fr-FR\"},{\"@type\":\"Organization\",\"@id\":\"https:\\\/\\\/www.flbs-luxe.com\\\/wp\\\/prod\\\/#organization\",\"name\":\"France Luxe Business School\",\"url\":\"https:\\\/\\\/www.flbs-luxe.com\\\/wp\\\/prod\\\/\",\"logo\":{\"@type\":\"ImageObject\",\"inLanguage\":\"fr-FR\",\"@id\":\"https:\\\/\\\/www.flbs-luxe.com\\\/wp\\\/prod\\\/#\\\/schema\\\/logo\\\/image\\\/\",\"url\":\"https:\\\/\\\/www.flbs-luxe.com\\\/wp\\\/prod\\\/wp-content\\\/uploads\\\/2022\\\/12\\\/LogoFLBS_512px.png\",\"contentUrl\":\"https:\\\/\\\/www.flbs-luxe.com\\\/wp\\\/prod\\\/wp-content\\\/uploads\\\/2022\\\/12\\\/LogoFLBS_512px.png\",\"width\":512,\"height\":512,\"caption\":\"France Luxe Business School\"},\"image\":{\"@id\":\"https:\\\/\\\/www.flbs-luxe.com\\\/wp\\\/prod\\\/#\\\/schema\\\/logo\\\/image\\\/\"},\"sameAs\":[\"https:\\\/\\\/www.facebook.com\\\/France-Luxe-Business-School-109982355116114\",\"https:\\\/\\\/x.com\\\/France_Luxe_BS\",\"https:\\\/\\\/www.linkedin.com\\\/company\\\/flbs\\\/\",\"https:\\\/\\\/www.instagram.com\\\/france.luxe.business.school\\\/\"]}]}<\/script>\n<!-- \/ Yoast SEO plugin. -->","yoast_head_json":{"title":"formulaire de contact","robots":{"index":"index","follow":"follow","max-snippet":"max-snippet:-1","max-image-preview":"max-image-preview:large","max-video-preview":"max-video-preview:-1"},"canonical":"https:\/\/www.flbs-luxe.com\/wp\/prod\/nous-contacter\/","og_locale":"fr_FR","og_type":"article","og_title":"formulaire de contact","og_url":"https:\/\/www.flbs-luxe.com\/wp\/prod\/nous-contacter\/","og_site_name":"France Luxe Business School","article_publisher":"https:\/\/www.facebook.com\/France-Luxe-Business-School-109982355116114","article_modified_time":"2022-07-05T16:44:31+00:00","og_image":[{"width":1920,"height":1440,"url":"https:\/\/www.flbs-luxe.com\/wp\/prod\/wp-content\/uploads\/2022\/06\/call-centre-4246677_1920.jpg","type":"image\/jpeg"}],"twitter_card":"summary_large_image","twitter_site":"@France_Luxe_BS","schema":{"@context":"https:\/\/schema.org","@graph":[{"@type":"WebPage","@id":"https:\/\/www.flbs-luxe.com\/wp\/prod\/nous-contacter\/","url":"https:\/\/www.flbs-luxe.com\/wp\/prod\/nous-contacter\/","name":"formulaire de contact","isPartOf":{"@id":"https:\/\/www.flbs-luxe.com\/wp\/prod\/#website"},"primaryImageOfPage":{"@id":"https:\/\/www.flbs-luxe.com\/wp\/prod\/nous-contacter\/#primaryimage"},"image":{"@id":"https:\/\/www.flbs-luxe.com\/wp\/prod\/nous-contacter\/#primaryimage"},"thumbnailUrl":"https:\/\/www.flbs-luxe.com\/wp\/prod\/wp-content\/uploads\/2022\/06\/call-centre-4246677_1920.jpg","datePublished":"2022-05-23T19:28:03+00:00","dateModified":"2022-07-05T16:44:31+00:00","breadcrumb":{"@id":"https:\/\/www.flbs-luxe.com\/wp\/prod\/nous-contacter\/#breadcrumb"},"inLanguage":"fr-FR","potentialAction":[{"@type":"ReadAction","target":["https:\/\/www.flbs-luxe.com\/wp\/prod\/nous-contacter\/"]}]},{"@type":"ImageObject","inLanguage":"fr-FR","@id":"https:\/\/www.flbs-luxe.com\/wp\/prod\/nous-contacter\/#primaryimage","url":"https:\/\/www.flbs-luxe.com\/wp\/prod\/wp-content\/uploads\/2022\/06\/call-centre-4246677_1920.jpg","contentUrl":"https:\/\/www.flbs-luxe.com\/wp\/prod\/wp-content\/uploads\/2022\/06\/call-centre-4246677_1920.jpg","width":1920,"height":1440},{"@type":"BreadcrumbList","@id":"https:\/\/www.flbs-luxe.com\/wp\/prod\/nous-contacter\/#breadcrumb","itemListElement":[{"@type":"ListItem","position":1,"name":"Accueil","item":"https:\/\/www.flbs-luxe.com\/wp\/prod\/"},{"@type":"ListItem","position":2,"name":"Contact"}]},{"@type":"WebSite","@id":"https:\/\/www.flbs-luxe.com\/wp\/prod\/#website","url":"https:\/\/www.flbs-luxe.com\/wp\/prod\/","name":"France Luxe Business School","description":"Producteur et facilitateur de connaissances  dans le domaine du luxe","publisher":{"@id":"https:\/\/www.flbs-luxe.com\/wp\/prod\/#organization"},"potentialAction":[{"@type":"SearchAction","target":{"@type":"EntryPoint","urlTemplate":"https:\/\/www.flbs-luxe.com\/wp\/prod\/?s={search_term_string}"},"query-input":{"@type":"PropertyValueSpecification","valueRequired":true,"valueName":"search_term_string"}}],"inLanguage":"fr-FR"},{"@type":"Organization","@id":"https:\/\/www.flbs-luxe.com\/wp\/prod\/#organization","name":"France Luxe Business School","url":"https:\/\/www.flbs-luxe.com\/wp\/prod\/","logo":{"@type":"ImageObject","inLanguage":"fr-FR","@id":"https:\/\/www.flbs-luxe.com\/wp\/prod\/#\/schema\/logo\/image\/","url":"https:\/\/www.flbs-luxe.com\/wp\/prod\/wp-content\/uploads\/2022\/12\/LogoFLBS_512px.png","contentUrl":"https:\/\/www.flbs-luxe.com\/wp\/prod\/wp-content\/uploads\/2022\/12\/LogoFLBS_512px.png","width":512,"height":512,"caption":"France Luxe Business School"},"image":{"@id":"https:\/\/www.flbs-luxe.com\/wp\/prod\/#\/schema\/logo\/image\/"},"sameAs":["https:\/\/www.facebook.com\/France-Luxe-Business-School-109982355116114","https:\/\/x.com\/France_Luxe_BS","https:\/\/www.linkedin.com\/company\/flbs\/","https:\/\/www.instagram.com\/france.luxe.business.school\/"]}]}},"_links":{"self":[{"href":"https:\/\/www.flbs-luxe.com\/wp\/prod\/wp-json\/wp\/v2\/pages\/195","targetHints":{"allow":["GET"]}}],"collection":[{"href":"https:\/\/www.flbs-luxe.com\/wp\/prod\/wp-json\/wp\/v2\/pages"}],"about":[{"href":"https:\/\/www.flbs-luxe.com\/wp\/prod\/wp-json\/wp\/v2\/types\/page"}],"author":[{"embeddable":true,"href":"https:\/\/www.flbs-luxe.com\/wp\/prod\/wp-json\/wp\/v2\/users\/1"}],"replies":[{"embeddable":true,"href":"https:\/\/www.flbs-luxe.com\/wp\/prod\/wp-json\/wp\/v2\/comments?post=195"}],"version-history":[{"count":3,"href":"https:\/\/www.flbs-luxe.com\/wp\/prod\/wp-json\/wp\/v2\/pages\/195\/revisions"}],"predecessor-version":[{"id":2592,"href":"https:\/\/www.flbs-luxe.com\/wp\/prod\/wp-json\/wp\/v2\/pages\/195\/revisions\/2592"}],"wp:featuredmedia":[{"embeddable":true,"href":"https:\/\/www.flbs-luxe.com\/wp\/prod\/wp-json\/wp\/v2\/media\/375"}],"wp:attachment":[{"href":"https:\/\/www.flbs-luxe.com\/wp\/prod\/wp-json\/wp\/v2\/media?parent=195"}],"curies":[{"name":"wp","href":"https:\/\/api.w.org\/{rel}","templated":true}]}}